{"id":5630,"date":"2022-02-18T09:33:39","date_gmt":"2022-02-18T09:33:39","guid":{"rendered":"https:\/\/www.thelastdock.es\/pronutec\/proyectos\/"},"modified":"2022-05-09T11:34:42","modified_gmt":"2022-05-09T09:34:42","slug":"projects","status":"publish","type":"page","link":"https:\/\/pronutec.gorlan.com\/en\/projects\/","title":{"rendered":"Projects"},"content":{"rendered":"<p>Textos a incluir:<\/p>\n<p>En Pronutec somos l\u00edderes en la fabricaci\u00f3n y distribuci\u00f3n de material el\u00e9ctrico de BT. Como prueba de ello, estamos orgullosos de decir que hemos suministrado una amplia gama de soluciones innovadoras a m\u00e1s de 60 pa\u00edses de todo el mundo.<\/p>\n<p>&#8212;<\/p>\n<p>Tras m\u00e1s de tres d\u00e9cadas de trabajo y evoluci\u00f3n constante para adaptarnos a las demandas del mercado, en Pronutec hemos conseguido consolidarnos como un referente para las principales compa\u00f1\u00edas del sector a nivel mundial. Una confianza que no es fruto de la casualidad: la fiabilidad, eficiencia y solvencia de nuestros productos son el mejor aval. \u00c9stas son s\u00f3lo algunas de nuestras fortalezas.<\/p>\n<p>GRAN EXPERIENCIA EN EL SECTOR<br \/>\nAPUESTA POR LA CALIDAD<br \/>\nCERCAN\u00cdA CON EL CLIENTE<br \/>\nGAMA COMPLETA DE PRODUCTO<br \/>\nINTERNACIONALIZACI\u00d3N<\/p>\n<p>&#8212;<\/p>\n<p>Meter bloque de Centros productivos??<\/p>\n<p>Cercan\u00eda, calidad en el servicio y rapidez gracias a nuestros cuatro centros productivos. En Pronutec contamos con dos centros de producci\u00f3n. A nuestra puntera sede central de 9.000 m2 en el parque empresarial de Boroa (Bizkaia), se uni\u00f3 hace unos pocos a\u00f1os una segunda planta en Haro (La Rioja), dedicada exclusivamente a la producci\u00f3n. La red empresarial de Pronutec se extiende por Europa con Pronutec GMBH (Alemania), compa\u00f1\u00eda desde la que brindamos un servicio m\u00e1s personalizado y directo al mercado germano; y Gorlan Polska, que hace lo propio en Polonia. El resultado es una mayor cercan\u00eda, calidad y capacidad de respuesta a las demandas espec\u00edficas.<\/p>\n","protected":false},"excerpt":{"rendered":"Textos a incluir: En Pronutec somos l\u00edderes en la fabricaci\u00f3n y distribuci\u00f3n de material el\u00e9ctrico de BT. Como prueba de ello, estamos orgullosos de decir que hemos suministrado una amplia gama de soluciones innovadoras a m\u00e1s de 60 pa\u00edses de todo el mundo. &#8212; Tras m\u00e1s de tres d\u00e9cadas de trabajo y evoluci\u00f3n constante para&#8230; <a class=\"view-article\" href=\"https:\/\/pronutec.gorlan.com\/en\/projects\/\">View Article<\/a>","protected":false},"author":8,"featured_media":5621,"parent":0,"menu_order":0,"comment_status":"closed","ping_status":"closed","template":"","meta":{"footnotes":""},"acf":[],"yoast_head":"<!-- This site is optimized with the Yoast SEO Premium plugin v21.3 (Yoast SEO v22.5) - https:\/\/yoast.com\/wordpress\/plugins\/seo\/ -->\n<title>Projects | Pronutec<\/title>\n<meta name=\"description\" content=\"Spending all our efforts into the study of new designs that allow a considerable reduction in energy losses. This is our priority in all type of applications.\" \/>\n<meta name=\"robots\" content=\"index, follow, max-snippet:-1, max-image-preview:large, max-video-preview:-1\" \/>\n<link rel=\"canonical\" href=\"https:\/\/pronutec.gorlan.com\/en\/projects\/\" \/>\n<meta property=\"og:locale\" content=\"en_US\" \/>\n<meta property=\"og:type\" content=\"article\" \/>\n<meta property=\"og:title\" content=\"Projects\" \/>\n<meta property=\"og:description\" content=\"Spending all our efforts into the study of new designs that allow a considerable reduction in energy losses. This is our priority in all type of applications.\" \/>\n<meta property=\"og:url\" content=\"https:\/\/pronutec.gorlan.com\/en\/projects\/\" \/>\n<meta property=\"og:site_name\" content=\"Pronutec\" \/>\n<meta property=\"article:modified_time\" content=\"2022-05-09T09:34:42+00:00\" \/>\n<meta property=\"og:image\" content=\"https:\/\/pronutec.gorlan.com\/wp-content\/uploads\/2022\/02\/scott-graham-5fNmWej4tAA-unsplash-scaled.jpg\" \/>\n\t<meta property=\"og:image:width\" content=\"2560\" \/>\n\t<meta property=\"og:image:height\" content=\"1709\" \/>\n\t<meta property=\"og:image:type\" content=\"image\/jpeg\" \/>\n<meta name=\"twitter:card\" content=\"summary_large_image\" \/>\n<meta name=\"twitter:label1\" content=\"Est. reading time\" \/>\n\t<meta name=\"twitter:data1\" content=\"1 minute\" \/>\n<script type=\"application\/ld+json\" class=\"yoast-schema-graph\">{\"@context\":\"https:\/\/schema.org\",\"@graph\":[{\"@type\":\"WebPage\",\"@id\":\"https:\/\/pronutec.gorlan.com\/en\/projects\/\",\"url\":\"https:\/\/pronutec.gorlan.com\/en\/projects\/\",\"name\":\"Projects | Pronutec\",\"isPartOf\":{\"@id\":\"https:\/\/pronutec.gorlan.com\/#website\"},\"primaryImageOfPage\":{\"@id\":\"https:\/\/pronutec.gorlan.com\/en\/projects\/#primaryimage\"},\"image\":{\"@id\":\"https:\/\/pronutec.gorlan.com\/en\/projects\/#primaryimage\"},\"thumbnailUrl\":\"https:\/\/pronutec.gorlan.com\/wp-content\/uploads\/2022\/02\/scott-graham-5fNmWej4tAA-unsplash-scaled.jpg\",\"datePublished\":\"2022-02-18T09:33:39+00:00\",\"dateModified\":\"2022-05-09T09:34:42+00:00\",\"description\":\"Spending all our efforts into the study of new designs that allow a considerable reduction in energy losses. This is our priority in all type of applications.\",\"breadcrumb\":{\"@id\":\"https:\/\/pronutec.gorlan.com\/en\/projects\/#breadcrumb\"},\"inLanguage\":\"en-US\",\"potentialAction\":[{\"@type\":\"ReadAction\",\"target\":[\"https:\/\/pronutec.gorlan.com\/en\/projects\/\"]}]},{\"@type\":\"ImageObject\",\"inLanguage\":\"en-US\",\"@id\":\"https:\/\/pronutec.gorlan.com\/en\/projects\/#primaryimage\",\"url\":\"https:\/\/pronutec.gorlan.com\/wp-content\/uploads\/2022\/02\/scott-graham-5fNmWej4tAA-unsplash-scaled.jpg\",\"contentUrl\":\"https:\/\/pronutec.gorlan.com\/wp-content\/uploads\/2022\/02\/scott-graham-5fNmWej4tAA-unsplash-scaled.jpg\",\"width\":2560,\"height\":1709},{\"@type\":\"BreadcrumbList\",\"@id\":\"https:\/\/pronutec.gorlan.com\/en\/projects\/#breadcrumb\",\"itemListElement\":[{\"@type\":\"ListItem\",\"position\":1,\"name\":\"Inicio\",\"item\":\"https:\/\/pronutec.gorlan.com\/en\/\"},{\"@type\":\"ListItem\",\"position\":2,\"name\":\"Projects\"}]},{\"@type\":\"WebSite\",\"@id\":\"https:\/\/pronutec.gorlan.com\/#website\",\"url\":\"https:\/\/pronutec.gorlan.com\/\",\"name\":\"Pronutec\",\"description\":\"Pronutec, l\u00edderes en soluciones avanzadas, b\u00fasqueda y desarrollo de nuevos productos orientados al sector el\u00e9ctrico.\",\"publisher\":{\"@id\":\"https:\/\/pronutec.gorlan.com\/#organization\"},\"potentialAction\":[{\"@type\":\"SearchAction\",\"target\":{\"@type\":\"EntryPoint\",\"urlTemplate\":\"https:\/\/pronutec.gorlan.com\/?s={search_term_string}\"},\"query-input\":\"required name=search_term_string\"}],\"inLanguage\":\"en-US\"},{\"@type\":\"Organization\",\"@id\":\"https:\/\/pronutec.gorlan.com\/#organization\",\"name\":\"Pronutec\",\"url\":\"https:\/\/pronutec.gorlan.com\/\",\"logo\":{\"@type\":\"ImageObject\",\"inLanguage\":\"en-US\",\"@id\":\"https:\/\/pronutec.gorlan.com\/#\/schema\/logo\/image\/\",\"url\":\"https:\/\/pronutec.gorlan.com\/wp-content\/uploads\/2022\/02\/resultado_defecto.jpg\",\"contentUrl\":\"https:\/\/pronutec.gorlan.com\/wp-content\/uploads\/2022\/02\/resultado_defecto.jpg\",\"width\":944,\"height\":629,\"caption\":\"Pronutec\"},\"image\":{\"@id\":\"https:\/\/pronutec.gorlan.com\/#\/schema\/logo\/image\/\"}}]}<\/script>\n<!-- \/ Yoast SEO Premium plugin. -->","yoast_head_json":{"title":"Projects | Pronutec","description":"Spending all our efforts into the study of new designs that allow a considerable reduction in energy losses. This is our priority in all type of applications.","robots":{"index":"index","follow":"follow","max-snippet":"max-snippet:-1","max-image-preview":"max-image-preview:large","max-video-preview":"max-video-preview:-1"},"canonical":"https:\/\/pronutec.gorlan.com\/en\/projects\/","og_locale":"en_US","og_type":"article","og_title":"Projects","og_description":"Spending all our efforts into the study of new designs that allow a considerable reduction in energy losses. This is our priority in all type of applications.","og_url":"https:\/\/pronutec.gorlan.com\/en\/projects\/","og_site_name":"Pronutec","article_modified_time":"2022-05-09T09:34:42+00:00","og_image":[{"width":2560,"height":1709,"url":"https:\/\/pronutec.gorlan.com\/wp-content\/uploads\/2022\/02\/scott-graham-5fNmWej4tAA-unsplash-scaled.jpg","type":"image\/jpeg"}],"twitter_card":"summary_large_image","twitter_misc":{"Est. reading time":"1 minute"},"schema":{"@context":"https:\/\/schema.org","@graph":[{"@type":"WebPage","@id":"https:\/\/pronutec.gorlan.com\/en\/projects\/","url":"https:\/\/pronutec.gorlan.com\/en\/projects\/","name":"Projects | Pronutec","isPartOf":{"@id":"https:\/\/pronutec.gorlan.com\/#website"},"primaryImageOfPage":{"@id":"https:\/\/pronutec.gorlan.com\/en\/projects\/#primaryimage"},"image":{"@id":"https:\/\/pronutec.gorlan.com\/en\/projects\/#primaryimage"},"thumbnailUrl":"https:\/\/pronutec.gorlan.com\/wp-content\/uploads\/2022\/02\/scott-graham-5fNmWej4tAA-unsplash-scaled.jpg","datePublished":"2022-02-18T09:33:39+00:00","dateModified":"2022-05-09T09:34:42+00:00","description":"Spending all our efforts into the study of new designs that allow a considerable reduction in energy losses. This is our priority in all type of applications.","breadcrumb":{"@id":"https:\/\/pronutec.gorlan.com\/en\/projects\/#breadcrumb"},"inLanguage":"en-US","potentialAction":[{"@type":"ReadAction","target":["https:\/\/pronutec.gorlan.com\/en\/projects\/"]}]},{"@type":"ImageObject","inLanguage":"en-US","@id":"https:\/\/pronutec.gorlan.com\/en\/projects\/#primaryimage","url":"https:\/\/pronutec.gorlan.com\/wp-content\/uploads\/2022\/02\/scott-graham-5fNmWej4tAA-unsplash-scaled.jpg","contentUrl":"https:\/\/pronutec.gorlan.com\/wp-content\/uploads\/2022\/02\/scott-graham-5fNmWej4tAA-unsplash-scaled.jpg","width":2560,"height":1709},{"@type":"BreadcrumbList","@id":"https:\/\/pronutec.gorlan.com\/en\/projects\/#breadcrumb","itemListElement":[{"@type":"ListItem","position":1,"name":"Inicio","item":"https:\/\/pronutec.gorlan.com\/en\/"},{"@type":"ListItem","position":2,"name":"Projects"}]},{"@type":"WebSite","@id":"https:\/\/pronutec.gorlan.com\/#website","url":"https:\/\/pronutec.gorlan.com\/","name":"Pronutec","description":"Pronutec, l\u00edderes en soluciones avanzadas, b\u00fasqueda y desarrollo de nuevos productos orientados al sector el\u00e9ctrico.","publisher":{"@id":"https:\/\/pronutec.gorlan.com\/#organization"},"potentialAction":[{"@type":"SearchAction","target":{"@type":"EntryPoint","urlTemplate":"https:\/\/pronutec.gorlan.com\/?s={search_term_string}"},"query-input":"required name=search_term_string"}],"inLanguage":"en-US"},{"@type":"Organization","@id":"https:\/\/pronutec.gorlan.com\/#organization","name":"Pronutec","url":"https:\/\/pronutec.gorlan.com\/","logo":{"@type":"ImageObject","inLanguage":"en-US","@id":"https:\/\/pronutec.gorlan.com\/#\/schema\/logo\/image\/","url":"https:\/\/pronutec.gorlan.com\/wp-content\/uploads\/2022\/02\/resultado_defecto.jpg","contentUrl":"https:\/\/pronutec.gorlan.com\/wp-content\/uploads\/2022\/02\/resultado_defecto.jpg","width":944,"height":629,"caption":"Pronutec"},"image":{"@id":"https:\/\/pronutec.gorlan.com\/#\/schema\/logo\/image\/"}}]}},"_links":{"self":[{"href":"https:\/\/pronutec.gorlan.com\/en\/wp-json\/wp\/v2\/pages\/5630"}],"collection":[{"href":"https:\/\/pronutec.gorlan.com\/en\/wp-json\/wp\/v2\/pages"}],"about":[{"href":"https:\/\/pronutec.gorlan.com\/en\/wp-json\/wp\/v2\/types\/page"}],"author":[{"embeddable":true,"href":"https:\/\/pronutec.gorlan.com\/en\/wp-json\/wp\/v2\/users\/8"}],"replies":[{"embeddable":true,"href":"https:\/\/pronutec.gorlan.com\/en\/wp-json\/wp\/v2\/comments?post=5630"}],"version-history":[{"count":13,"href":"https:\/\/pronutec.gorlan.com\/en\/wp-json\/wp\/v2\/pages\/5630\/revisions"}],"predecessor-version":[{"id":6841,"href":"https:\/\/pronutec.gorlan.com\/en\/wp-json\/wp\/v2\/pages\/5630\/revisions\/6841"}],"wp:featuredmedia":[{"embeddable":true,"href":"https:\/\/pronutec.gorlan.com\/en\/wp-json\/wp\/v2\/media\/5621"}],"wp:attachment":[{"href":"https:\/\/pronutec.gorlan.com\/en\/wp-json\/wp\/v2\/media?parent=5630"}],"curies":[{"name":"wp","href":"https:\/\/api.w.org\/{rel}","templated":true}]}}