{"id":5751,"date":"2021-06-24T11:54:37","date_gmt":"2021-06-24T11:54:37","guid":{"rendered":"https:\/\/www.thelastdock.es\/pronutec\/sectores\/"},"modified":"2022-04-05T14:30:07","modified_gmt":"2022-04-05T14:30:07","slug":"sectors","status":"publish","type":"page","link":"https:\/\/pronutec.gorlan.com\/en\/sectors\/","title":{"rendered":"Sectors"},"content":{"rendered":"<h3><strong>Textos Smart Grids<\/strong><\/h3>\n<p>Soluciones de vanguardia para las redes inteligentes de BT \u25baURL al post I La integraci\u00f3n de las plantas de energ\u00eda renovable a la red, la incipiente incorporaci\u00f3n del veh\u00edculo el\u00e9ctrico y la necesidad de garantizar un suministro m\u00e1s eficiente, sostenible y de calidad han obligado a dar un paso adelante en el despliegue de las redes inteligentes, Smart Grids, en la baja tensi\u00f3n. Como l\u00edderes en el desarrollo, producci\u00f3n y comercializaci\u00f3n de equipos para la protecci\u00f3n y distribuci\u00f3n de la red el\u00e9ctrica de BT, en Pronutec nos situamos una vez m\u00e1s a la vanguardia y hemos desarrollado, en colaboraci\u00f3n con @Merytronic y @Ariadna, una soluci\u00f3n completa para la monitorizaci\u00f3n de las redes. Te invitamos a leer el art\u00edculo completo para conocer con m\u00e1s detalle nuestra innovadora propuesta y el nuevo escenario que se abre en la BT.<\/p>\n<p>&#8212;<\/p>\n<p>Soluci\u00f3n global a los desaf\u00edos de las redes inteligentes. La red de distribuci\u00f3n de baja tensi\u00f3n est\u00e1 experimentando una profunda transformaci\u00f3n espoleada por la incorporaci\u00f3n de nuevos actores como la generaci\u00f3n de renovable distribuida, el veh\u00edculo el\u00e9ctrico, bater\u00edas de almacenamiento distribuido, microrredes, &#8216;smart meters&#8217;&#8230; En Pronutec, en colaboraci\u00f3n con @Merytronic y @Ariadna Grid, damos respuestas integrales a las necesidades de las nuevas redes inteligentes gracias a nuestro sistema de monitorizaci\u00f3n global. Una completa gama de productos para atender a los desaf\u00edos de la supervisi\u00f3n avanzada de BT:<\/p>\n<p>\u27a1 Descarbonizaci\u00f3n<br \/>\n\u27a1 Gesti\u00f3n eficiente de la demanda<br \/>\n\u27a1Reducci\u00f3n de las p\u00e9rdidas t\u00e9cnicas y de los casos de fraude<br \/>\n\u27a1Mejora de la disponibilidad de la red<\/p>\n<p>&#8212;<\/p>\n<p>Las redes el\u00e9ctricas inteligentes ya son el presente. Las redes de distribuci\u00f3n inteligentes, las conocidas como Smart Grids, no son el futuro sino el presente. Gracias a los avances tecnol\u00f3gicos y el desarrollo de soluciones que permiten monitorizar al instante la red de BT se ha conseguido avanzar hacia un uso m\u00e1s eficiente y sostenible de la energ\u00eda, al tiempo que se garantiza una mayor calidad y fiabilidad del suministro el\u00e9ctrico. Como l\u00edderes en soluciones avanzadas para la protecci\u00f3n y distribuci\u00f3n de la red el\u00e9ctrica de baja tensi\u00f3n, en Pronutec estamos a la vanguardia para aportar respuestas globales a utilities e industrias. Junto a @Merytronic y @Ariadna Grid, hemos desarrollado una soluci\u00f3n completa para la supervisi\u00f3n remota de la red y el an\u00e1lisis de datos. La gama de producto incluye:<\/p>\n<p>1. Base portafusibles inteligente<br \/>\n2. Remota de BT<br \/>\n3. Ariadna PowerGridMAP BT<\/p>\n<p>&#8212;<\/p>\n<p>Con la mirada puesta en 2050, es ya ineludible ir dando pasos para avanzar hacia una descarbonizaci\u00f3n real a traves del despliegue de plantas renovables, el almacenamiento distribuido y el veh\u00edculo el\u00e9ctrico. Las Smart Grids est\u00e1n llamadas a jugar un papel protagonista en esta transici\u00f3n energ\u00e9tica y desde Pronutec nos sumamos a este reto con el lanzamiento de nuestra soluci\u00f3n global de Smart Grids en BT, que incluye todos los componentes necesarios para la monitorizaci\u00f3n de la red de BT, como son las bases portafusibles inteligentes, los equipos electr\u00f3nicos y la plataforma software de an\u00e1lisis.<\/p>\n<p>Junto a @Merytronic y @Ariadna Grid, aportamos a las compa\u00f1\u00edas herramientas de \u00faltima generaci\u00f3n para acometer la digitalizaci\u00f3n de las redes de baja tensi\u00f3n con total garant\u00eda.<\/p>\n","protected":false},"excerpt":{"rendered":"Textos Smart Grids Soluciones de vanguardia para las redes inteligentes de BT \u25baURL al post I La integraci\u00f3n de las plantas de energ\u00eda renovable a la red, la incipiente incorporaci\u00f3n del veh\u00edculo el\u00e9ctrico y la necesidad de garantizar un suministro m\u00e1s eficiente, sostenible y de calidad han obligado a dar un paso adelante en el&#8230; <a class=\"view-article\" href=\"https:\/\/pronutec.gorlan.com\/en\/sectors\/\">View Article<\/a>","protected":false},"author":7,"featured_media":0,"parent":0,"menu_order":0,"comment_status":"closed","ping_status":"closed","template":"","meta":{"footnotes":""},"acf":[],"yoast_head":"<!-- This site is optimized with the Yoast SEO Premium plugin v21.3 (Yoast SEO v22.5) - https:\/\/yoast.com\/wordpress\/plugins\/seo\/ -->\n<title>Sectors | Pronutec<\/title>\n<meta name=\"description\" content=\"Textos Smart Grids Soluciones de vanguardia para las redes inteligentes de BT \u25baURL al post I La integraci\u00f3n de las plantas de energ\u00eda renovable a la red,\" \/>\n<meta name=\"robots\" content=\"index, follow, max-snippet:-1, max-image-preview:large, max-video-preview:-1\" \/>\n<link rel=\"canonical\" href=\"https:\/\/pronutec.gorlan.com\/en\/sectors\/\" \/>\n<meta property=\"og:locale\" content=\"en_US\" \/>\n<meta property=\"og:type\" content=\"article\" \/>\n<meta property=\"og:title\" content=\"Sectors\" \/>\n<meta property=\"og:description\" content=\"Textos Smart Grids Soluciones de vanguardia para las redes inteligentes de BT \u25baURL al post I La integraci\u00f3n de las plantas de energ\u00eda renovable a la red,\" \/>\n<meta property=\"og:url\" content=\"https:\/\/pronutec.gorlan.com\/en\/sectors\/\" \/>\n<meta property=\"og:site_name\" content=\"Pronutec\" \/>\n<meta property=\"article:modified_time\" content=\"2022-04-05T14:30:07+00:00\" \/>\n<meta name=\"twitter:card\" content=\"summary_large_image\" \/>\n<meta name=\"twitter:label1\" content=\"Est. reading time\" \/>\n\t<meta name=\"twitter:data1\" content=\"3 minutes\" \/>\n<script type=\"application\/ld+json\" class=\"yoast-schema-graph\">{\"@context\":\"https:\/\/schema.org\",\"@graph\":[{\"@type\":\"WebPage\",\"@id\":\"https:\/\/pronutec.gorlan.com\/en\/sectors\/\",\"url\":\"https:\/\/pronutec.gorlan.com\/en\/sectors\/\",\"name\":\"Sectors | Pronutec\",\"isPartOf\":{\"@id\":\"https:\/\/pronutec.gorlan.com\/#website\"},\"datePublished\":\"2021-06-24T11:54:37+00:00\",\"dateModified\":\"2022-04-05T14:30:07+00:00\",\"description\":\"Textos Smart Grids Soluciones de vanguardia para las redes inteligentes de BT \u25baURL al post I La integraci\u00f3n de las plantas de energ\u00eda renovable a la red,\",\"breadcrumb\":{\"@id\":\"https:\/\/pronutec.gorlan.com\/en\/sectors\/#breadcrumb\"},\"inLanguage\":\"en-US\",\"potentialAction\":[{\"@type\":\"ReadAction\",\"target\":[\"https:\/\/pronutec.gorlan.com\/en\/sectors\/\"]}]},{\"@type\":\"BreadcrumbList\",\"@id\":\"https:\/\/pronutec.gorlan.com\/en\/sectors\/#breadcrumb\",\"itemListElement\":[{\"@type\":\"ListItem\",\"position\":1,\"name\":\"Inicio\",\"item\":\"https:\/\/pronutec.gorlan.com\/en\/\"},{\"@type\":\"ListItem\",\"position\":2,\"name\":\"Sectors\"}]},{\"@type\":\"WebSite\",\"@id\":\"https:\/\/pronutec.gorlan.com\/#website\",\"url\":\"https:\/\/pronutec.gorlan.com\/\",\"name\":\"Pronutec\",\"description\":\"Pronutec, l\u00edderes en soluciones avanzadas, b\u00fasqueda y desarrollo de nuevos productos orientados al sector el\u00e9ctrico.\",\"publisher\":{\"@id\":\"https:\/\/pronutec.gorlan.com\/#organization\"},\"potentialAction\":[{\"@type\":\"SearchAction\",\"target\":{\"@type\":\"EntryPoint\",\"urlTemplate\":\"https:\/\/pronutec.gorlan.com\/?s={search_term_string}\"},\"query-input\":\"required name=search_term_string\"}],\"inLanguage\":\"en-US\"},{\"@type\":\"Organization\",\"@id\":\"https:\/\/pronutec.gorlan.com\/#organization\",\"name\":\"Pronutec\",\"url\":\"https:\/\/pronutec.gorlan.com\/\",\"logo\":{\"@type\":\"ImageObject\",\"inLanguage\":\"en-US\",\"@id\":\"https:\/\/pronutec.gorlan.com\/#\/schema\/logo\/image\/\",\"url\":\"https:\/\/pronutec.gorlan.com\/wp-content\/uploads\/2022\/02\/resultado_defecto.jpg\",\"contentUrl\":\"https:\/\/pronutec.gorlan.com\/wp-content\/uploads\/2022\/02\/resultado_defecto.jpg\",\"width\":944,\"height\":629,\"caption\":\"Pronutec\"},\"image\":{\"@id\":\"https:\/\/pronutec.gorlan.com\/#\/schema\/logo\/image\/\"}}]}<\/script>\n<!-- \/ Yoast SEO Premium plugin. -->","yoast_head_json":{"title":"Sectors | Pronutec","description":"Textos Smart Grids Soluciones de vanguardia para las redes inteligentes de BT \u25baURL al post I La integraci\u00f3n de las plantas de energ\u00eda renovable a la red,","robots":{"index":"index","follow":"follow","max-snippet":"max-snippet:-1","max-image-preview":"max-image-preview:large","max-video-preview":"max-video-preview:-1"},"canonical":"https:\/\/pronutec.gorlan.com\/en\/sectors\/","og_locale":"en_US","og_type":"article","og_title":"Sectors","og_description":"Textos Smart Grids Soluciones de vanguardia para las redes inteligentes de BT \u25baURL al post I La integraci\u00f3n de las plantas de energ\u00eda renovable a la red,","og_url":"https:\/\/pronutec.gorlan.com\/en\/sectors\/","og_site_name":"Pronutec","article_modified_time":"2022-04-05T14:30:07+00:00","twitter_card":"summary_large_image","twitter_misc":{"Est. reading time":"3 minutes"},"schema":{"@context":"https:\/\/schema.org","@graph":[{"@type":"WebPage","@id":"https:\/\/pronutec.gorlan.com\/en\/sectors\/","url":"https:\/\/pronutec.gorlan.com\/en\/sectors\/","name":"Sectors | Pronutec","isPartOf":{"@id":"https:\/\/pronutec.gorlan.com\/#website"},"datePublished":"2021-06-24T11:54:37+00:00","dateModified":"2022-04-05T14:30:07+00:00","description":"Textos Smart Grids Soluciones de vanguardia para las redes inteligentes de BT \u25baURL al post I La integraci\u00f3n de las plantas de energ\u00eda renovable a la red,","breadcrumb":{"@id":"https:\/\/pronutec.gorlan.com\/en\/sectors\/#breadcrumb"},"inLanguage":"en-US","potentialAction":[{"@type":"ReadAction","target":["https:\/\/pronutec.gorlan.com\/en\/sectors\/"]}]},{"@type":"BreadcrumbList","@id":"https:\/\/pronutec.gorlan.com\/en\/sectors\/#breadcrumb","itemListElement":[{"@type":"ListItem","position":1,"name":"Inicio","item":"https:\/\/pronutec.gorlan.com\/en\/"},{"@type":"ListItem","position":2,"name":"Sectors"}]},{"@type":"WebSite","@id":"https:\/\/pronutec.gorlan.com\/#website","url":"https:\/\/pronutec.gorlan.com\/","name":"Pronutec","description":"Pronutec, l\u00edderes en soluciones avanzadas, b\u00fasqueda y desarrollo de nuevos productos orientados al sector el\u00e9ctrico.","publisher":{"@id":"https:\/\/pronutec.gorlan.com\/#organization"},"potentialAction":[{"@type":"SearchAction","target":{"@type":"EntryPoint","urlTemplate":"https:\/\/pronutec.gorlan.com\/?s={search_term_string}"},"query-input":"required name=search_term_string"}],"inLanguage":"en-US"},{"@type":"Organization","@id":"https:\/\/pronutec.gorlan.com\/#organization","name":"Pronutec","url":"https:\/\/pronutec.gorlan.com\/","logo":{"@type":"ImageObject","inLanguage":"en-US","@id":"https:\/\/pronutec.gorlan.com\/#\/schema\/logo\/image\/","url":"https:\/\/pronutec.gorlan.com\/wp-content\/uploads\/2022\/02\/resultado_defecto.jpg","contentUrl":"https:\/\/pronutec.gorlan.com\/wp-content\/uploads\/2022\/02\/resultado_defecto.jpg","width":944,"height":629,"caption":"Pronutec"},"image":{"@id":"https:\/\/pronutec.gorlan.com\/#\/schema\/logo\/image\/"}}]}},"_links":{"self":[{"href":"https:\/\/pronutec.gorlan.com\/en\/wp-json\/wp\/v2\/pages\/5751"}],"collection":[{"href":"https:\/\/pronutec.gorlan.com\/en\/wp-json\/wp\/v2\/pages"}],"about":[{"href":"https:\/\/pronutec.gorlan.com\/en\/wp-json\/wp\/v2\/types\/page"}],"author":[{"embeddable":true,"href":"https:\/\/pronutec.gorlan.com\/en\/wp-json\/wp\/v2\/users\/7"}],"replies":[{"embeddable":true,"href":"https:\/\/pronutec.gorlan.com\/en\/wp-json\/wp\/v2\/comments?post=5751"}],"version-history":[{"count":12,"href":"https:\/\/pronutec.gorlan.com\/en\/wp-json\/wp\/v2\/pages\/5751\/revisions"}],"predecessor-version":[{"id":6636,"href":"https:\/\/pronutec.gorlan.com\/en\/wp-json\/wp\/v2\/pages\/5751\/revisions\/6636"}],"wp:attachment":[{"href":"https:\/\/pronutec.gorlan.com\/en\/wp-json\/wp\/v2\/media?parent=5751"}],"curies":[{"name":"wp","href":"https:\/\/api.w.org\/{rel}","templated":true}]}}